{"id":1527,"date":"2024-02-28T13:56:41","date_gmt":"2024-02-28T13:56:41","guid":{"rendered":"https:\/\/elmasstar.com\/?post_type=product&#038;p=1527"},"modified":"2024-09-02T16:15:51","modified_gmt":"2024-09-02T15:15:51","slug":"expectorant","status":"publish","type":"product","link":"https:\/\/elmasstar.com\/tr\/urun\/expectorant\/","title":{"rendered":"expectorant"},"content":{"rendered":"<p>expectorant power<\/p>\n<ul>\n<li><strong>Tavuklarda solunum sistemi i\u00e7in balgam s\u00f6kt\u00fcr\u00fcc\u00fc olarak kullan\u0131l\u0131r, balgam\u0131n at\u0131lmas\u0131na yard\u0131mc\u0131 olur ve bron\u015flar\u0131 geni\u015fletir.<\/strong><\/li>\n<li><strong>A\u015f\u0131lardan sonra ortaya \u00e7\u0131kan solunum hastal\u0131klar\u0131yla ili\u015fkilendirilen solunum semptomlar\u0131n\u0131 ortadan kald\u0131rmak i\u00e7in kullan\u0131l\u0131r.<\/strong><\/li>\n<li><strong>Bron\u015f t\u00fcplerindeki mukozalara ba\u011fl\u0131 t\u0131kan\u0131kl\u0131\u011f\u0131n tedavisine yard\u0131mc\u0131 olur.<\/strong><\/li>\n<li><strong>Solunum ve sindirim sistemleri i\u00e7in g\u00fc\u00e7l\u00fc bir dezenfektan olarak kullan\u0131l\u0131r.<\/strong><\/li>\n<li><strong>\u0130\u015ftah a\u00e7\u0131c\u0131 olarak \u00e7al\u0131\u015f\u0131r ve sindirimi geli\u015ftirir.<\/strong><\/li>\n<li><strong>Kullan\u0131m: 1000 litre i\u00e7me suyuna 500 ml.<\/strong><\/li>\n<\/ul>","protected":false},"excerpt":{"rendered":"<p>expectorant power Used as an expectorant for the respiratory system in poultry, helps expel phlegm, and dilates the bronchi. Used to eliminate respiratory symptoms associated with respiratory diseases that appear after vaccinations. Helps treat congestion of the mucous membranes in the bronchial tubes. Used as a strong disinfectant for the respiratory and digestive systems. Acts [&hellip;]<\/p>\n","protected":false},"featured_media":1505,"comment_status":"open","ping_status":"closed","template":"","meta":{"site-sidebar-layout":"default","site-content-layout":"","ast-site-content-layout":"default","site-content-style":"default","site-sidebar-style":"default","ast-global-header-display":"","ast-banner-title-visibility":"","ast-main-header-display":"","ast-hfb-above-header-display":"","ast-hfb-below-header-display":"","ast-hfb-mobile-header-display":"","site-post-title":"","ast-breadcrumbs-content":"","ast-featured-img":"","footer-sml-layout":"","ast-disable-related-posts":"","theme-transparent-header-meta":"default","adv-header-id-meta":"","stick-header-meta":"","header-above-stick-meta":"","header-main-stick-meta":"","header-below-stick-meta":"","astra-migrate-meta-layouts":"set","ast-page-background-enabled":"default","ast-page-background-meta":{"desktop":{"background-color":"var(--ast-global-color-4)","background-image":"","background-repeat":"repeat","background-position":"center center","background-size":"auto","background-attachment":"scroll","background-type":"","background-media":"","overlay-type":"","overlay-color":"","overlay-opacity":"","overlay-gradient":""},"tablet":{"background-color":"","background-image":"","background-repeat":"repeat","background-position":"center center","background-size":"auto","background-attachment":"scroll","background-type":"","background-media":"","overlay-type":"","overlay-color":"","overlay-opacity":"","overlay-gradient":""},"mobile":{"background-color":"","background-image":"","background-repeat":"repeat","background-position":"center center","background-size":"auto","background-attachment":"scroll","background-type":"","background-media":"","overlay-type":"","overlay-color":"","overlay-opacity":"","overlay-gradient":""}},"ast-content-background-meta":{"desktop":{"background-color":"var(--ast-global-color-5)","background-image":"","background-repeat":"repeat","background-position":"center center","background-size":"auto","background-attachment":"scroll","background-type":"","background-media":"","overlay-type":"","overlay-color":"","overlay-opacity":"","overlay-gradient":""},"tablet":{"background-color":"var(--ast-global-color-5)","background-image":"","background-repeat":"repeat","background-position":"center center","background-size":"auto","background-attachment":"scroll","background-type":"","background-media":"","overlay-type":"","overlay-color":"","overlay-opacity":"","overlay-gradient":""},"mobile":{"background-color":"var(--ast-global-color-5)","background-image":"","background-repeat":"repeat","background-position":"center center","background-size":"auto","background-attachment":"scroll","background-type":"","background-media":"","overlay-type":"","overlay-color":"","overlay-opacity":"","overlay-gradient":""}}},"product_brand":[],"product_cat":[29],"product_tag":[],"class_list":{"0":"post-1527","1":"product","2":"type-product","3":"status-publish","4":"has-post-thumbnail","6":"product_cat-liquids","7":"desktop-align-left","8":"tablet-align-left","9":"mobile-align-left","11":"first","12":"instock","13":"taxable","14":"shipping-taxable","15":"product-type-simple"},"yoast_head":"<!-- This site is optimized with the Yoast SEO plugin v27.4 - https:\/\/yoast.com\/product\/yoast-seo-wordpress\/ -->\n<title>expectorant - Elmas Star<\/title>\n<meta name=\"description\" content=\"expectorant\" \/>\n<meta name=\"robots\" content=\"index, follow, max-snippet:-1, max-image-preview:large, max-video-preview:-1\" \/>\n<link rel=\"canonical\" href=\"https:\/\/elmasstar.com\/tr\/urun\/expectorant\/\" \/>\n<meta property=\"og:locale\" content=\"tr_TR\" \/>\n<meta property=\"og:type\" content=\"article\" \/>\n<meta property=\"og:title\" content=\"expectorant - Elmas Star\" \/>\n<meta property=\"og:description\" content=\"expectorant\" \/>\n<meta property=\"og:url\" content=\"https:\/\/elmasstar.com\/tr\/urun\/expectorant\/\" \/>\n<meta property=\"og:site_name\" content=\"Elmas Star\" \/>\n<meta property=\"article:modified_time\" content=\"2024-09-02T15:15:51+00:00\" \/>\n<meta property=\"og:image\" content=\"http:\/\/elmasstar.com\/wp-content\/uploads\/2024\/02\/ex-power.webp\" \/>\n\t<meta property=\"og:image:width\" content=\"1080\" \/>\n\t<meta property=\"og:image:height\" content=\"1080\" \/>\n\t<meta property=\"og:image:type\" content=\"image\/webp\" \/>\n<meta name=\"twitter:card\" content=\"summary_large_image\" \/>\n<meta name=\"twitter:label1\" content=\"Tahmini okuma s\u00fcresi\" \/>\n\t<meta name=\"twitter:data1\" content=\"1 dakika\" \/>\n<script type=\"application\/ld+json\" class=\"yoast-schema-graph\">{\"@context\":\"https:\\\/\\\/schema.org\",\"@graph\":[{\"@type\":\"WebPage\",\"@id\":\"https:\\\/\\\/elmasstar.com\\\/product\\\/expectorant\\\/\",\"url\":\"https:\\\/\\\/elmasstar.com\\\/product\\\/expectorant\\\/\",\"name\":\"expectorant - Elmas Star\",\"isPartOf\":{\"@id\":\"https:\\\/\\\/elmasstar.com\\\/#website\"},\"primaryImageOfPage\":{\"@id\":\"https:\\\/\\\/elmasstar.com\\\/product\\\/expectorant\\\/#primaryimage\"},\"image\":{\"@id\":\"https:\\\/\\\/elmasstar.com\\\/product\\\/expectorant\\\/#primaryimage\"},\"thumbnailUrl\":\"https:\\\/\\\/elmasstar.com\\\/wp-content\\\/uploads\\\/2024\\\/02\\\/ex-power.webp\",\"datePublished\":\"2024-02-28T13:56:41+00:00\",\"dateModified\":\"2024-09-02T15:15:51+00:00\",\"description\":\"expectorant\",\"breadcrumb\":{\"@id\":\"https:\\\/\\\/elmasstar.com\\\/product\\\/expectorant\\\/#breadcrumb\"},\"inLanguage\":\"tr\",\"potentialAction\":[{\"@type\":\"ReadAction\",\"target\":[\"https:\\\/\\\/elmasstar.com\\\/product\\\/expectorant\\\/\"]}]},{\"@type\":\"ImageObject\",\"inLanguage\":\"tr\",\"@id\":\"https:\\\/\\\/elmasstar.com\\\/product\\\/expectorant\\\/#primaryimage\",\"url\":\"https:\\\/\\\/elmasstar.com\\\/wp-content\\\/uploads\\\/2024\\\/02\\\/ex-power.webp\",\"contentUrl\":\"https:\\\/\\\/elmasstar.com\\\/wp-content\\\/uploads\\\/2024\\\/02\\\/ex-power.webp\",\"width\":1080,\"height\":1080},{\"@type\":\"BreadcrumbList\",\"@id\":\"https:\\\/\\\/elmasstar.com\\\/product\\\/expectorant\\\/#breadcrumb\",\"itemListElement\":[{\"@type\":\"ListItem\",\"position\":1,\"name\":\"Home\",\"item\":\"https:\\\/\\\/elmasstar.com\\\/\"},{\"@type\":\"ListItem\",\"position\":2,\"name\":\"Shop\",\"item\":\"https:\\\/\\\/elmasstar.com\\\/shop\\\/\"},{\"@type\":\"ListItem\",\"position\":3,\"name\":\"expectorant\"}]},{\"@type\":\"WebSite\",\"@id\":\"https:\\\/\\\/elmasstar.com\\\/#website\",\"url\":\"https:\\\/\\\/elmasstar.com\\\/\",\"name\":\"elmasstar.com\",\"description\":\"\",\"publisher\":{\"@id\":\"https:\\\/\\\/elmasstar.com\\\/#organization\"},\"potentialAction\":[{\"@type\":\"SearchAction\",\"target\":{\"@type\":\"EntryPoint\",\"urlTemplate\":\"https:\\\/\\\/elmasstar.com\\\/?s={search_term_string}\"},\"query-input\":{\"@type\":\"PropertyValueSpecification\",\"valueRequired\":true,\"valueName\":\"search_term_string\"}}],\"inLanguage\":\"tr\"},{\"@type\":\"Organization\",\"@id\":\"https:\\\/\\\/elmasstar.com\\\/#organization\",\"name\":\"elmasstar.com\",\"url\":\"https:\\\/\\\/elmasstar.com\\\/\",\"logo\":{\"@type\":\"ImageObject\",\"inLanguage\":\"tr\",\"@id\":\"https:\\\/\\\/elmasstar.com\\\/#\\\/schema\\\/logo\\\/image\\\/\",\"url\":\"https:\\\/\\\/elmasstar.com\\\/wp-content\\\/uploads\\\/2024\\\/01\\\/logo-01.png\",\"contentUrl\":\"https:\\\/\\\/elmasstar.com\\\/wp-content\\\/uploads\\\/2024\\\/01\\\/logo-01.png\",\"width\":2084,\"height\":1336,\"caption\":\"elmasstar.com\"},\"image\":{\"@id\":\"https:\\\/\\\/elmasstar.com\\\/#\\\/schema\\\/logo\\\/image\\\/\"}}]}<\/script>\n<!-- \/ Yoast SEO plugin. -->","yoast_head_json":{"title":"expectorant - Elmas Star","description":"expectorant","robots":{"index":"index","follow":"follow","max-snippet":"max-snippet:-1","max-image-preview":"max-image-preview:large","max-video-preview":"max-video-preview:-1"},"canonical":"https:\/\/elmasstar.com\/tr\/urun\/expectorant\/","og_locale":"tr_TR","og_type":"article","og_title":"expectorant - Elmas Star","og_description":"expectorant","og_url":"https:\/\/elmasstar.com\/tr\/urun\/expectorant\/","og_site_name":"Elmas Star","article_modified_time":"2024-09-02T15:15:51+00:00","og_image":[{"width":1080,"height":1080,"url":"http:\/\/elmasstar.com\/wp-content\/uploads\/2024\/02\/ex-power.webp","type":"image\/webp"}],"twitter_card":"summary_large_image","twitter_misc":{"Tahmini okuma s\u00fcresi":"1 dakika"},"schema":{"@context":"https:\/\/schema.org","@graph":[{"@type":"WebPage","@id":"https:\/\/elmasstar.com\/product\/expectorant\/","url":"https:\/\/elmasstar.com\/product\/expectorant\/","name":"expectorant - Elmas Star","isPartOf":{"@id":"https:\/\/elmasstar.com\/#website"},"primaryImageOfPage":{"@id":"https:\/\/elmasstar.com\/product\/expectorant\/#primaryimage"},"image":{"@id":"https:\/\/elmasstar.com\/product\/expectorant\/#primaryimage"},"thumbnailUrl":"https:\/\/elmasstar.com\/wp-content\/uploads\/2024\/02\/ex-power.webp","datePublished":"2024-02-28T13:56:41+00:00","dateModified":"2024-09-02T15:15:51+00:00","description":"expectorant","breadcrumb":{"@id":"https:\/\/elmasstar.com\/product\/expectorant\/#breadcrumb"},"inLanguage":"tr","potentialAction":[{"@type":"ReadAction","target":["https:\/\/elmasstar.com\/product\/expectorant\/"]}]},{"@type":"ImageObject","inLanguage":"tr","@id":"https:\/\/elmasstar.com\/product\/expectorant\/#primaryimage","url":"https:\/\/elmasstar.com\/wp-content\/uploads\/2024\/02\/ex-power.webp","contentUrl":"https:\/\/elmasstar.com\/wp-content\/uploads\/2024\/02\/ex-power.webp","width":1080,"height":1080},{"@type":"BreadcrumbList","@id":"https:\/\/elmasstar.com\/product\/expectorant\/#breadcrumb","itemListElement":[{"@type":"ListItem","position":1,"name":"Home","item":"https:\/\/elmasstar.com\/"},{"@type":"ListItem","position":2,"name":"Shop","item":"https:\/\/elmasstar.com\/shop\/"},{"@type":"ListItem","position":3,"name":"expectorant"}]},{"@type":"WebSite","@id":"https:\/\/elmasstar.com\/#website","url":"https:\/\/elmasstar.com\/","name":"elmasstar.com","description":"","publisher":{"@id":"https:\/\/elmasstar.com\/#organization"},"potentialAction":[{"@type":"SearchAction","target":{"@type":"EntryPoint","urlTemplate":"https:\/\/elmasstar.com\/?s={search_term_string}"},"query-input":{"@type":"PropertyValueSpecification","valueRequired":true,"valueName":"search_term_string"}}],"inLanguage":"tr"},{"@type":"Organization","@id":"https:\/\/elmasstar.com\/#organization","name":"elmasstar.com","url":"https:\/\/elmasstar.com\/","logo":{"@type":"ImageObject","inLanguage":"tr","@id":"https:\/\/elmasstar.com\/#\/schema\/logo\/image\/","url":"https:\/\/elmasstar.com\/wp-content\/uploads\/2024\/01\/logo-01.png","contentUrl":"https:\/\/elmasstar.com\/wp-content\/uploads\/2024\/01\/logo-01.png","width":2084,"height":1336,"caption":"elmasstar.com"},"image":{"@id":"https:\/\/elmasstar.com\/#\/schema\/logo\/image\/"}}]}},"_links":{"self":[{"href":"https:\/\/elmasstar.com\/tr\/wp-json\/wp\/v2\/product\/1527","targetHints":{"allow":["GET"]}}],"collection":[{"href":"https:\/\/elmasstar.com\/tr\/wp-json\/wp\/v2\/product"}],"about":[{"href":"https:\/\/elmasstar.com\/tr\/wp-json\/wp\/v2\/types\/product"}],"replies":[{"embeddable":true,"href":"https:\/\/elmasstar.com\/tr\/wp-json\/wp\/v2\/comments?post=1527"}],"wp:featuredmedia":[{"embeddable":true,"href":"https:\/\/elmasstar.com\/tr\/wp-json\/wp\/v2\/media\/1505"}],"wp:attachment":[{"href":"https:\/\/elmasstar.com\/tr\/wp-json\/wp\/v2\/media?parent=1527"}],"wp:term":[{"taxonomy":"product_brand","embeddable":true,"href":"https:\/\/elmasstar.com\/tr\/wp-json\/wp\/v2\/product_brand?post=1527"},{"taxonomy":"product_cat","embeddable":true,"href":"https:\/\/elmasstar.com\/tr\/wp-json\/wp\/v2\/product_cat?post=1527"},{"taxonomy":"product_tag","embeddable":true,"href":"https:\/\/elmasstar.com\/tr\/wp-json\/wp\/v2\/product_tag?post=1527"}],"curies":[{"name":"wp","href":"https:\/\/api.w.org\/{rel}","templated":true}]}}