{"id":1494,"date":"2024-02-28T12:39:12","date_gmt":"2024-02-28T12:39:12","guid":{"rendered":"https:\/\/elmasstar.com\/?post_type=product&#038;p=1494"},"modified":"2024-09-01T14:56:22","modified_gmt":"2024-09-01T13:56:22","slug":"starmilk","status":"publish","type":"product","link":"https:\/\/elmasstar.com\/tr\/urun\/starmilk\/","title":{"rendered":"starmilk"},"content":{"rendered":"<p>starmilk<\/p>\n<p><strong>Faydalar\u0131:<\/strong><\/p>\n<ul>\n<li>G\u00fcnl\u00fck s\u00fct \u00fcretimini art\u0131r\u0131r ve s\u00fct kalitesini iyile\u015ftirir.<\/li>\n<li>Hayvanlar\u0131n hastal\u0131klara kar\u015f\u0131 direncini ba\u011f\u0131\u015f\u0131kl\u0131k sistemini g\u00fc\u00e7lendirerek art\u0131r\u0131r.<\/li>\n<li>Yem kullan\u0131m verimlili\u011fini art\u0131r\u0131r ve yem de\u011fi\u015fikliklerine adaptasyonu h\u0131zland\u0131r\u0131r.<\/li>\n<li>Toprak ve y\u00fcn yeme, duvar yalama gibi davran\u0131\u015f bozukluklar\u0131n\u0131 \u00f6nler.<\/li>\n<\/ul>\n<p><strong>Dozaj:<\/strong><\/p>\n<ul>\n<li>Her 1 ton yem i\u00e7in 10 kg uygulay\u0131n.<\/li>\n<li>Alternatif olarak, b\u00fcy\u00fck hayvanlar i\u00e7in g\u00fcnde 100 g.<\/li>\n<li>G\u00fcnde k\u00fc\u00e7\u00fck hayvanlar i\u00e7in 20 g.<\/li>\n<\/ul>","protected":false},"excerpt":{"rendered":"<p>starmilk Benefits: Increases daily milk production and improves its quality. Enhances disease resistance in animals by strengthening the immune system. Boosts feed utilization efficiency and speeds up adaptation to feed changes. Prevents behavioral disorders such as soil and wool eating, and wall licking. Dosage: Administer 10 kg per 1 ton of feed. Alternatively, 100 g [&hellip;]<\/p>\n","protected":false},"featured_media":1445,"comment_status":"open","ping_status":"closed","template":"","meta":{"site-sidebar-layout":"default","site-content-layout":"","ast-site-content-layout":"default","site-content-style":"default","site-sidebar-style":"default","ast-global-header-display":"","ast-banner-title-visibility":"","ast-main-header-display":"","ast-hfb-above-header-display":"","ast-hfb-below-header-display":"","ast-hfb-mobile-header-display":"","site-post-title":"","ast-breadcrumbs-content":"","ast-featured-img":"","footer-sml-layout":"","ast-disable-related-posts":"","theme-transparent-header-meta":"default","adv-header-id-meta":"","stick-header-meta":"","header-above-stick-meta":"","header-main-stick-meta":"","header-below-stick-meta":"","astra-migrate-meta-layouts":"set","ast-page-background-enabled":"default","ast-page-background-meta":{"desktop":{"background-color":"var(--ast-global-color-4)","background-image":"","background-repeat":"repeat","background-position":"center center","background-size":"auto","background-attachment":"scroll","background-type":"","background-media":"","overlay-type":"","overlay-color":"","overlay-opacity":"","overlay-gradient":""},"tablet":{"background-color":"","background-image":"","background-repeat":"repeat","background-position":"center center","background-size":"auto","background-attachment":"scroll","background-type":"","background-media":"","overlay-type":"","overlay-color":"","overlay-opacity":"","overlay-gradient":""},"mobile":{"background-color":"","background-image":"","background-repeat":"repeat","background-position":"center center","background-size":"auto","background-attachment":"scroll","background-type":"","background-media":"","overlay-type":"","overlay-color":"","overlay-opacity":"","overlay-gradient":""}},"ast-content-background-meta":{"desktop":{"background-color":"var(--ast-global-color-5)","background-image":"","background-repeat":"repeat","background-position":"center center","background-size":"auto","background-attachment":"scroll","background-type":"","background-media":"","overlay-type":"","overlay-color":"","overlay-opacity":"","overlay-gradient":""},"tablet":{"background-color":"var(--ast-global-color-5)","background-image":"","background-repeat":"repeat","background-position":"center center","background-size":"auto","background-attachment":"scroll","background-type":"","background-media":"","overlay-type":"","overlay-color":"","overlay-opacity":"","overlay-gradient":""},"mobile":{"background-color":"var(--ast-global-color-5)","background-image":"","background-repeat":"repeat","background-position":"center center","background-size":"auto","background-attachment":"scroll","background-type":"","background-media":"","overlay-type":"","overlay-color":"","overlay-opacity":"","overlay-gradient":""}}},"product_brand":[],"product_cat":[28],"product_tag":[],"class_list":{"0":"post-1494","1":"product","2":"type-product","3":"status-publish","4":"has-post-thumbnail","6":"product_cat-premix-powder","7":"desktop-align-left","8":"tablet-align-left","9":"mobile-align-left","11":"first","12":"instock","13":"taxable","14":"shipping-taxable","15":"product-type-variable"},"yoast_head":"<!-- This site is optimized with the Yoast SEO plugin v27.4 - https:\/\/yoast.com\/product\/yoast-seo-wordpress\/ -->\n<title>starmilk - Elmas Star<\/title>\n<meta name=\"description\" content=\"starmilk\" \/>\n<meta name=\"robots\" content=\"index, follow, max-snippet:-1, max-image-preview:large, max-video-preview:-1\" \/>\n<link rel=\"canonical\" href=\"https:\/\/elmasstar.com\/tr\/urun\/starmilk\/\" \/>\n<meta property=\"og:locale\" content=\"tr_TR\" \/>\n<meta property=\"og:type\" content=\"article\" \/>\n<meta property=\"og:title\" content=\"starmilk - Elmas Star\" \/>\n<meta property=\"og:description\" content=\"starmilk\" \/>\n<meta property=\"og:url\" content=\"https:\/\/elmasstar.com\/tr\/urun\/starmilk\/\" \/>\n<meta property=\"og:site_name\" content=\"Elmas Star\" \/>\n<meta property=\"article:modified_time\" content=\"2024-09-01T13:56:22+00:00\" \/>\n<meta property=\"og:image\" content=\"http:\/\/elmasstar.com\/wp-content\/uploads\/2024\/02\/STARMILK-5KG.webp\" \/>\n\t<meta property=\"og:image:width\" content=\"2344\" \/>\n\t<meta property=\"og:image:height\" content=\"2344\" \/>\n\t<meta property=\"og:image:type\" content=\"image\/webp\" \/>\n<meta name=\"twitter:card\" content=\"summary_large_image\" \/>\n<meta name=\"twitter:label1\" content=\"Tahmini okuma s\u00fcresi\" \/>\n\t<meta name=\"twitter:data1\" content=\"1 dakika\" \/>\n<script type=\"application\/ld+json\" class=\"yoast-schema-graph\">{\"@context\":\"https:\\\/\\\/schema.org\",\"@graph\":[{\"@type\":\"WebPage\",\"@id\":\"https:\\\/\\\/elmasstar.com\\\/product\\\/starmilk\\\/\",\"url\":\"https:\\\/\\\/elmasstar.com\\\/product\\\/starmilk\\\/\",\"name\":\"starmilk - Elmas Star\",\"isPartOf\":{\"@id\":\"https:\\\/\\\/elmasstar.com\\\/#website\"},\"primaryImageOfPage\":{\"@id\":\"https:\\\/\\\/elmasstar.com\\\/product\\\/starmilk\\\/#primaryimage\"},\"image\":{\"@id\":\"https:\\\/\\\/elmasstar.com\\\/product\\\/starmilk\\\/#primaryimage\"},\"thumbnailUrl\":\"https:\\\/\\\/elmasstar.com\\\/wp-content\\\/uploads\\\/2024\\\/02\\\/STARMILK-5KG.webp\",\"datePublished\":\"2024-02-28T12:39:12+00:00\",\"dateModified\":\"2024-09-01T13:56:22+00:00\",\"description\":\"starmilk\",\"breadcrumb\":{\"@id\":\"https:\\\/\\\/elmasstar.com\\\/product\\\/starmilk\\\/#breadcrumb\"},\"inLanguage\":\"tr\",\"potentialAction\":[{\"@type\":\"ReadAction\",\"target\":[\"https:\\\/\\\/elmasstar.com\\\/product\\\/starmilk\\\/\"]}]},{\"@type\":\"ImageObject\",\"inLanguage\":\"tr\",\"@id\":\"https:\\\/\\\/elmasstar.com\\\/product\\\/starmilk\\\/#primaryimage\",\"url\":\"https:\\\/\\\/elmasstar.com\\\/wp-content\\\/uploads\\\/2024\\\/02\\\/STARMILK-5KG.webp\",\"contentUrl\":\"https:\\\/\\\/elmasstar.com\\\/wp-content\\\/uploads\\\/2024\\\/02\\\/STARMILK-5KG.webp\",\"width\":2344,\"height\":2344},{\"@type\":\"BreadcrumbList\",\"@id\":\"https:\\\/\\\/elmasstar.com\\\/product\\\/starmilk\\\/#breadcrumb\",\"itemListElement\":[{\"@type\":\"ListItem\",\"position\":1,\"name\":\"Home\",\"item\":\"https:\\\/\\\/elmasstar.com\\\/\"},{\"@type\":\"ListItem\",\"position\":2,\"name\":\"Shop\",\"item\":\"https:\\\/\\\/elmasstar.com\\\/shop\\\/\"},{\"@type\":\"ListItem\",\"position\":3,\"name\":\"starmilk\"}]},{\"@type\":\"WebSite\",\"@id\":\"https:\\\/\\\/elmasstar.com\\\/#website\",\"url\":\"https:\\\/\\\/elmasstar.com\\\/\",\"name\":\"elmasstar.com\",\"description\":\"\",\"publisher\":{\"@id\":\"https:\\\/\\\/elmasstar.com\\\/#organization\"},\"potentialAction\":[{\"@type\":\"SearchAction\",\"target\":{\"@type\":\"EntryPoint\",\"urlTemplate\":\"https:\\\/\\\/elmasstar.com\\\/?s={search_term_string}\"},\"query-input\":{\"@type\":\"PropertyValueSpecification\",\"valueRequired\":true,\"valueName\":\"search_term_string\"}}],\"inLanguage\":\"tr\"},{\"@type\":\"Organization\",\"@id\":\"https:\\\/\\\/elmasstar.com\\\/#organization\",\"name\":\"elmasstar.com\",\"url\":\"https:\\\/\\\/elmasstar.com\\\/\",\"logo\":{\"@type\":\"ImageObject\",\"inLanguage\":\"tr\",\"@id\":\"https:\\\/\\\/elmasstar.com\\\/#\\\/schema\\\/logo\\\/image\\\/\",\"url\":\"https:\\\/\\\/elmasstar.com\\\/wp-content\\\/uploads\\\/2024\\\/01\\\/logo-01.png\",\"contentUrl\":\"https:\\\/\\\/elmasstar.com\\\/wp-content\\\/uploads\\\/2024\\\/01\\\/logo-01.png\",\"width\":2084,\"height\":1336,\"caption\":\"elmasstar.com\"},\"image\":{\"@id\":\"https:\\\/\\\/elmasstar.com\\\/#\\\/schema\\\/logo\\\/image\\\/\"}}]}<\/script>\n<!-- \/ Yoast SEO plugin. -->","yoast_head_json":{"title":"starmilk - Elmas Star","description":"starmilk","robots":{"index":"index","follow":"follow","max-snippet":"max-snippet:-1","max-image-preview":"max-image-preview:large","max-video-preview":"max-video-preview:-1"},"canonical":"https:\/\/elmasstar.com\/tr\/urun\/starmilk\/","og_locale":"tr_TR","og_type":"article","og_title":"starmilk - Elmas Star","og_description":"starmilk","og_url":"https:\/\/elmasstar.com\/tr\/urun\/starmilk\/","og_site_name":"Elmas Star","article_modified_time":"2024-09-01T13:56:22+00:00","og_image":[{"width":2344,"height":2344,"url":"http:\/\/elmasstar.com\/wp-content\/uploads\/2024\/02\/STARMILK-5KG.webp","type":"image\/webp"}],"twitter_card":"summary_large_image","twitter_misc":{"Tahmini okuma s\u00fcresi":"1 dakika"},"schema":{"@context":"https:\/\/schema.org","@graph":[{"@type":"WebPage","@id":"https:\/\/elmasstar.com\/product\/starmilk\/","url":"https:\/\/elmasstar.com\/product\/starmilk\/","name":"starmilk - Elmas Star","isPartOf":{"@id":"https:\/\/elmasstar.com\/#website"},"primaryImageOfPage":{"@id":"https:\/\/elmasstar.com\/product\/starmilk\/#primaryimage"},"image":{"@id":"https:\/\/elmasstar.com\/product\/starmilk\/#primaryimage"},"thumbnailUrl":"https:\/\/elmasstar.com\/wp-content\/uploads\/2024\/02\/STARMILK-5KG.webp","datePublished":"2024-02-28T12:39:12+00:00","dateModified":"2024-09-01T13:56:22+00:00","description":"starmilk","breadcrumb":{"@id":"https:\/\/elmasstar.com\/product\/starmilk\/#breadcrumb"},"inLanguage":"tr","potentialAction":[{"@type":"ReadAction","target":["https:\/\/elmasstar.com\/product\/starmilk\/"]}]},{"@type":"ImageObject","inLanguage":"tr","@id":"https:\/\/elmasstar.com\/product\/starmilk\/#primaryimage","url":"https:\/\/elmasstar.com\/wp-content\/uploads\/2024\/02\/STARMILK-5KG.webp","contentUrl":"https:\/\/elmasstar.com\/wp-content\/uploads\/2024\/02\/STARMILK-5KG.webp","width":2344,"height":2344},{"@type":"BreadcrumbList","@id":"https:\/\/elmasstar.com\/product\/starmilk\/#breadcrumb","itemListElement":[{"@type":"ListItem","position":1,"name":"Home","item":"https:\/\/elmasstar.com\/"},{"@type":"ListItem","position":2,"name":"Shop","item":"https:\/\/elmasstar.com\/shop\/"},{"@type":"ListItem","position":3,"name":"starmilk"}]},{"@type":"WebSite","@id":"https:\/\/elmasstar.com\/#website","url":"https:\/\/elmasstar.com\/","name":"elmasstar.com","description":"","publisher":{"@id":"https:\/\/elmasstar.com\/#organization"},"potentialAction":[{"@type":"SearchAction","target":{"@type":"EntryPoint","urlTemplate":"https:\/\/elmasstar.com\/?s={search_term_string}"},"query-input":{"@type":"PropertyValueSpecification","valueRequired":true,"valueName":"search_term_string"}}],"inLanguage":"tr"},{"@type":"Organization","@id":"https:\/\/elmasstar.com\/#organization","name":"elmasstar.com","url":"https:\/\/elmasstar.com\/","logo":{"@type":"ImageObject","inLanguage":"tr","@id":"https:\/\/elmasstar.com\/#\/schema\/logo\/image\/","url":"https:\/\/elmasstar.com\/wp-content\/uploads\/2024\/01\/logo-01.png","contentUrl":"https:\/\/elmasstar.com\/wp-content\/uploads\/2024\/01\/logo-01.png","width":2084,"height":1336,"caption":"elmasstar.com"},"image":{"@id":"https:\/\/elmasstar.com\/#\/schema\/logo\/image\/"}}]}},"_links":{"self":[{"href":"https:\/\/elmasstar.com\/tr\/wp-json\/wp\/v2\/product\/1494","targetHints":{"allow":["GET"]}}],"collection":[{"href":"https:\/\/elmasstar.com\/tr\/wp-json\/wp\/v2\/product"}],"about":[{"href":"https:\/\/elmasstar.com\/tr\/wp-json\/wp\/v2\/types\/product"}],"replies":[{"embeddable":true,"href":"https:\/\/elmasstar.com\/tr\/wp-json\/wp\/v2\/comments?post=1494"}],"wp:featuredmedia":[{"embeddable":true,"href":"https:\/\/elmasstar.com\/tr\/wp-json\/wp\/v2\/media\/1445"}],"wp:attachment":[{"href":"https:\/\/elmasstar.com\/tr\/wp-json\/wp\/v2\/media?parent=1494"}],"wp:term":[{"taxonomy":"product_brand","embeddable":true,"href":"https:\/\/elmasstar.com\/tr\/wp-json\/wp\/v2\/product_brand?post=1494"},{"taxonomy":"product_cat","embeddable":true,"href":"https:\/\/elmasstar.com\/tr\/wp-json\/wp\/v2\/product_cat?post=1494"},{"taxonomy":"product_tag","embeddable":true,"href":"https:\/\/elmasstar.com\/tr\/wp-json\/wp\/v2\/product_tag?post=1494"}],"curies":[{"name":"wp","href":"https:\/\/api.w.org\/{rel}","templated":true}]}}