{"id":1485,"date":"2024-02-28T12:25:04","date_gmt":"2024-02-28T12:25:04","guid":{"rendered":"https:\/\/elmasstar.com\/?post_type=product&#038;p=1485"},"modified":"2024-10-21T12:31:17","modified_gmt":"2024-10-21T11:31:17","slug":"staryeast","status":"publish","type":"product","link":"https:\/\/elmasstar.com\/tr\/urun\/staryeast\/","title":{"rendered":"staryeast"},"content":{"rendered":"<p>STARYEAST<br \/>\n\u00dcr\u00fcn\u00fcm\u00fcz, aktif ve pasif maya \u00e7e\u015fitlerinin bir kar\u0131\u015f\u0131m\u0131 olup... etkisi bulunmaktad\u0131r.<br \/>\nSindirimi kolayla\u015ft\u0131rmak ve besinlerin daha iyi emilmesini sa\u011flamak.<br \/>\npH dalgalanmalar\u0131n\u0131 azalt\u0131r ve sabit rumen mikrobiyal aktivitesini korur, bu da yem sindirimini ve rumen devir h\u0131z\u0131n\u0131 h\u0131zland\u0131r\u0131r, b\u00f6ylece daha fazla miktarda yem yenmesine izin verir.<br \/>\nRumen'deki lif sindiren bakterilerin b\u00fcy\u00fcmesini te\u015fvik eder, b\u00f6ylece yemin par\u00e7alanma oran\u0131n\u0131 ve kapsam\u0131n\u0131 destekler.<br \/>\nLaktik asidi propiyonik aside d\u00f6n\u00fc\u015ft\u00fcren bakterilerin aktivitesini art\u0131r\u0131r.<br \/>\nRumendeki istikrar\u0131 art\u0131r\u0131r, lif sindirimini ve yem al\u0131m\u0131n\u0131 engelleyen rumen pH\u2019\u0131ndaki geni\u015f dalgalanmalar\u0131 \u00f6nler.<br \/>\nDaha iyi performans sayesinde tutarl\u0131 ve y\u00fcksek maliyetli getiriler sa\u011flar.<br \/>\nHayvan performans\u0131n\u0131 art\u0131r\u0131r<br \/>\nV\u00fccudun mineralleri tutmas\u0131na yard\u0131mc\u0131 olur<\/p>\n<p>KULLANIM:<\/p>\n<p>S\u0131\u011f\u0131r i\u00e7in g\u00fcnde 100 gr, koyun i\u00e7in g\u00fcnde 20 gr, ton ba\u015f\u0131na 105 kg yem \u00f6nerilmektedir.<\/p>","protected":false},"excerpt":{"rendered":"<p>STARYEAST distinctive product is a group of active and inactive yeasts that have an effect on Promote digestion and utilization of nutrients Reduces fluctuations in pH and maintains constant rumen microbial activity, which accelerates feed digestion and rumen turnover, allowing larger amounts to be eaten. Promotes the growth of fiber-digesting bacteria in the rumen, thus [&hellip;]<\/p>\n","protected":false},"featured_media":1447,"comment_status":"open","ping_status":"closed","template":"","meta":{"site-sidebar-layout":"default","site-content-layout":"","ast-site-content-layout":"default","site-content-style":"default","site-sidebar-style":"default","ast-global-header-display":"","ast-banner-title-visibility":"","ast-main-header-display":"","ast-hfb-above-header-display":"","ast-hfb-below-header-display":"","ast-hfb-mobile-header-display":"","site-post-title":"","ast-breadcrumbs-content":"","ast-featured-img":"","footer-sml-layout":"","ast-disable-related-posts":"","theme-transparent-header-meta":"default","adv-header-id-meta":"","stick-header-meta":"","header-above-stick-meta":"","header-main-stick-meta":"","header-below-stick-meta":"","astra-migrate-meta-layouts":"set","ast-page-background-enabled":"default","ast-page-background-meta":{"desktop":{"background-color":"var(--ast-global-color-4)","background-image":"","background-repeat":"repeat","background-position":"center center","background-size":"auto","background-attachment":"scroll","background-type":"","background-media":"","overlay-type":"","overlay-color":"","overlay-opacity":"","overlay-gradient":""},"tablet":{"background-color":"","background-image":"","background-repeat":"repeat","background-position":"center center","background-size":"auto","background-attachment":"scroll","background-type":"","background-media":"","overlay-type":"","overlay-color":"","overlay-opacity":"","overlay-gradient":""},"mobile":{"background-color":"","background-image":"","background-repeat":"repeat","background-position":"center center","background-size":"auto","background-attachment":"scroll","background-type":"","background-media":"","overlay-type":"","overlay-color":"","overlay-opacity":"","overlay-gradient":""}},"ast-content-background-meta":{"desktop":{"background-color":"var(--ast-global-color-5)","background-image":"","background-repeat":"repeat","background-position":"center center","background-size":"auto","background-attachment":"scroll","background-type":"","background-media":"","overlay-type":"","overlay-color":"","overlay-opacity":"","overlay-gradient":""},"tablet":{"background-color":"var(--ast-global-color-5)","background-image":"","background-repeat":"repeat","background-position":"center center","background-size":"auto","background-attachment":"scroll","background-type":"","background-media":"","overlay-type":"","overlay-color":"","overlay-opacity":"","overlay-gradient":""},"mobile":{"background-color":"var(--ast-global-color-5)","background-image":"","background-repeat":"repeat","background-position":"center center","background-size":"auto","background-attachment":"scroll","background-type":"","background-media":"","overlay-type":"","overlay-color":"","overlay-opacity":"","overlay-gradient":""}}},"product_brand":[],"product_cat":[28],"product_tag":[],"class_list":{"0":"post-1485","1":"product","2":"type-product","3":"status-publish","4":"has-post-thumbnail","6":"product_cat-premix-powder","7":"desktop-align-left","8":"tablet-align-left","9":"mobile-align-left","11":"first","12":"instock","13":"taxable","14":"shipping-taxable","15":"product-type-variable"},"yoast_head":"<!-- This site is optimized with the Yoast SEO plugin v27.4 - https:\/\/yoast.com\/product\/yoast-seo-wordpress\/ -->\n<title>staryeast - Elmas Star<\/title>\n<meta name=\"description\" content=\"staryeast\" \/>\n<meta name=\"robots\" content=\"index, follow, max-snippet:-1, max-image-preview:large, max-video-preview:-1\" \/>\n<link rel=\"canonical\" href=\"https:\/\/elmasstar.com\/tr\/urun\/staryeast\/\" \/>\n<meta property=\"og:locale\" content=\"tr_TR\" \/>\n<meta property=\"og:type\" content=\"article\" \/>\n<meta property=\"og:title\" content=\"staryeast - Elmas Star\" \/>\n<meta property=\"og:description\" content=\"staryeast\" \/>\n<meta property=\"og:url\" content=\"https:\/\/elmasstar.com\/tr\/urun\/staryeast\/\" \/>\n<meta property=\"og:site_name\" content=\"Elmas Star\" \/>\n<meta property=\"article:modified_time\" content=\"2024-10-21T11:31:17+00:00\" \/>\n<meta property=\"og:image\" content=\"http:\/\/elmasstar.com\/wp-content\/uploads\/2024\/02\/staryest-1KG.webp\" \/>\n\t<meta property=\"og:image:width\" content=\"2344\" \/>\n\t<meta property=\"og:image:height\" content=\"2344\" \/>\n\t<meta property=\"og:image:type\" content=\"image\/webp\" \/>\n<meta name=\"twitter:card\" content=\"summary_large_image\" \/>\n<meta name=\"twitter:label1\" content=\"Tahmini okuma s\u00fcresi\" \/>\n\t<meta name=\"twitter:data1\" content=\"1 dakika\" \/>\n<script type=\"application\/ld+json\" class=\"yoast-schema-graph\">{\"@context\":\"https:\\\/\\\/schema.org\",\"@graph\":[{\"@type\":\"WebPage\",\"@id\":\"https:\\\/\\\/elmasstar.com\\\/product\\\/staryeast\\\/\",\"url\":\"https:\\\/\\\/elmasstar.com\\\/product\\\/staryeast\\\/\",\"name\":\"staryeast - Elmas Star\",\"isPartOf\":{\"@id\":\"https:\\\/\\\/elmasstar.com\\\/#website\"},\"primaryImageOfPage\":{\"@id\":\"https:\\\/\\\/elmasstar.com\\\/product\\\/staryeast\\\/#primaryimage\"},\"image\":{\"@id\":\"https:\\\/\\\/elmasstar.com\\\/product\\\/staryeast\\\/#primaryimage\"},\"thumbnailUrl\":\"https:\\\/\\\/elmasstar.com\\\/wp-content\\\/uploads\\\/2024\\\/02\\\/staryest-1KG.webp\",\"datePublished\":\"2024-02-28T12:25:04+00:00\",\"dateModified\":\"2024-10-21T11:31:17+00:00\",\"description\":\"staryeast\",\"breadcrumb\":{\"@id\":\"https:\\\/\\\/elmasstar.com\\\/product\\\/staryeast\\\/#breadcrumb\"},\"inLanguage\":\"tr\",\"potentialAction\":[{\"@type\":\"ReadAction\",\"target\":[\"https:\\\/\\\/elmasstar.com\\\/product\\\/staryeast\\\/\"]}]},{\"@type\":\"ImageObject\",\"inLanguage\":\"tr\",\"@id\":\"https:\\\/\\\/elmasstar.com\\\/product\\\/staryeast\\\/#primaryimage\",\"url\":\"https:\\\/\\\/elmasstar.com\\\/wp-content\\\/uploads\\\/2024\\\/02\\\/staryest-1KG.webp\",\"contentUrl\":\"https:\\\/\\\/elmasstar.com\\\/wp-content\\\/uploads\\\/2024\\\/02\\\/staryest-1KG.webp\",\"width\":2344,\"height\":2344},{\"@type\":\"BreadcrumbList\",\"@id\":\"https:\\\/\\\/elmasstar.com\\\/product\\\/staryeast\\\/#breadcrumb\",\"itemListElement\":[{\"@type\":\"ListItem\",\"position\":1,\"name\":\"Home\",\"item\":\"https:\\\/\\\/elmasstar.com\\\/\"},{\"@type\":\"ListItem\",\"position\":2,\"name\":\"Shop\",\"item\":\"https:\\\/\\\/elmasstar.com\\\/shop\\\/\"},{\"@type\":\"ListItem\",\"position\":3,\"name\":\"staryeast\"}]},{\"@type\":\"WebSite\",\"@id\":\"https:\\\/\\\/elmasstar.com\\\/#website\",\"url\":\"https:\\\/\\\/elmasstar.com\\\/\",\"name\":\"elmasstar.com\",\"description\":\"\",\"publisher\":{\"@id\":\"https:\\\/\\\/elmasstar.com\\\/#organization\"},\"potentialAction\":[{\"@type\":\"SearchAction\",\"target\":{\"@type\":\"EntryPoint\",\"urlTemplate\":\"https:\\\/\\\/elmasstar.com\\\/?s={search_term_string}\"},\"query-input\":{\"@type\":\"PropertyValueSpecification\",\"valueRequired\":true,\"valueName\":\"search_term_string\"}}],\"inLanguage\":\"tr\"},{\"@type\":\"Organization\",\"@id\":\"https:\\\/\\\/elmasstar.com\\\/#organization\",\"name\":\"elmasstar.com\",\"url\":\"https:\\\/\\\/elmasstar.com\\\/\",\"logo\":{\"@type\":\"ImageObject\",\"inLanguage\":\"tr\",\"@id\":\"https:\\\/\\\/elmasstar.com\\\/#\\\/schema\\\/logo\\\/image\\\/\",\"url\":\"https:\\\/\\\/elmasstar.com\\\/wp-content\\\/uploads\\\/2024\\\/01\\\/logo-01.png\",\"contentUrl\":\"https:\\\/\\\/elmasstar.com\\\/wp-content\\\/uploads\\\/2024\\\/01\\\/logo-01.png\",\"width\":2084,\"height\":1336,\"caption\":\"elmasstar.com\"},\"image\":{\"@id\":\"https:\\\/\\\/elmasstar.com\\\/#\\\/schema\\\/logo\\\/image\\\/\"}}]}<\/script>\n<!-- \/ Yoast SEO plugin. -->","yoast_head_json":{"title":"staryeast - Elmas Star","description":"staryeast","robots":{"index":"index","follow":"follow","max-snippet":"max-snippet:-1","max-image-preview":"max-image-preview:large","max-video-preview":"max-video-preview:-1"},"canonical":"https:\/\/elmasstar.com\/tr\/urun\/staryeast\/","og_locale":"tr_TR","og_type":"article","og_title":"staryeast - Elmas Star","og_description":"staryeast","og_url":"https:\/\/elmasstar.com\/tr\/urun\/staryeast\/","og_site_name":"Elmas Star","article_modified_time":"2024-10-21T11:31:17+00:00","og_image":[{"width":2344,"height":2344,"url":"http:\/\/elmasstar.com\/wp-content\/uploads\/2024\/02\/staryest-1KG.webp","type":"image\/webp"}],"twitter_card":"summary_large_image","twitter_misc":{"Tahmini okuma s\u00fcresi":"1 dakika"},"schema":{"@context":"https:\/\/schema.org","@graph":[{"@type":"WebPage","@id":"https:\/\/elmasstar.com\/product\/staryeast\/","url":"https:\/\/elmasstar.com\/product\/staryeast\/","name":"staryeast - Elmas Star","isPartOf":{"@id":"https:\/\/elmasstar.com\/#website"},"primaryImageOfPage":{"@id":"https:\/\/elmasstar.com\/product\/staryeast\/#primaryimage"},"image":{"@id":"https:\/\/elmasstar.com\/product\/staryeast\/#primaryimage"},"thumbnailUrl":"https:\/\/elmasstar.com\/wp-content\/uploads\/2024\/02\/staryest-1KG.webp","datePublished":"2024-02-28T12:25:04+00:00","dateModified":"2024-10-21T11:31:17+00:00","description":"staryeast","breadcrumb":{"@id":"https:\/\/elmasstar.com\/product\/staryeast\/#breadcrumb"},"inLanguage":"tr","potentialAction":[{"@type":"ReadAction","target":["https:\/\/elmasstar.com\/product\/staryeast\/"]}]},{"@type":"ImageObject","inLanguage":"tr","@id":"https:\/\/elmasstar.com\/product\/staryeast\/#primaryimage","url":"https:\/\/elmasstar.com\/wp-content\/uploads\/2024\/02\/staryest-1KG.webp","contentUrl":"https:\/\/elmasstar.com\/wp-content\/uploads\/2024\/02\/staryest-1KG.webp","width":2344,"height":2344},{"@type":"BreadcrumbList","@id":"https:\/\/elmasstar.com\/product\/staryeast\/#breadcrumb","itemListElement":[{"@type":"ListItem","position":1,"name":"Home","item":"https:\/\/elmasstar.com\/"},{"@type":"ListItem","position":2,"name":"Shop","item":"https:\/\/elmasstar.com\/shop\/"},{"@type":"ListItem","position":3,"name":"staryeast"}]},{"@type":"WebSite","@id":"https:\/\/elmasstar.com\/#website","url":"https:\/\/elmasstar.com\/","name":"elmasstar.com","description":"","publisher":{"@id":"https:\/\/elmasstar.com\/#organization"},"potentialAction":[{"@type":"SearchAction","target":{"@type":"EntryPoint","urlTemplate":"https:\/\/elmasstar.com\/?s={search_term_string}"},"query-input":{"@type":"PropertyValueSpecification","valueRequired":true,"valueName":"search_term_string"}}],"inLanguage":"tr"},{"@type":"Organization","@id":"https:\/\/elmasstar.com\/#organization","name":"elmasstar.com","url":"https:\/\/elmasstar.com\/","logo":{"@type":"ImageObject","inLanguage":"tr","@id":"https:\/\/elmasstar.com\/#\/schema\/logo\/image\/","url":"https:\/\/elmasstar.com\/wp-content\/uploads\/2024\/01\/logo-01.png","contentUrl":"https:\/\/elmasstar.com\/wp-content\/uploads\/2024\/01\/logo-01.png","width":2084,"height":1336,"caption":"elmasstar.com"},"image":{"@id":"https:\/\/elmasstar.com\/#\/schema\/logo\/image\/"}}]}},"_links":{"self":[{"href":"https:\/\/elmasstar.com\/tr\/wp-json\/wp\/v2\/product\/1485","targetHints":{"allow":["GET"]}}],"collection":[{"href":"https:\/\/elmasstar.com\/tr\/wp-json\/wp\/v2\/product"}],"about":[{"href":"https:\/\/elmasstar.com\/tr\/wp-json\/wp\/v2\/types\/product"}],"replies":[{"embeddable":true,"href":"https:\/\/elmasstar.com\/tr\/wp-json\/wp\/v2\/comments?post=1485"}],"wp:featuredmedia":[{"embeddable":true,"href":"https:\/\/elmasstar.com\/tr\/wp-json\/wp\/v2\/media\/1447"}],"wp:attachment":[{"href":"https:\/\/elmasstar.com\/tr\/wp-json\/wp\/v2\/media?parent=1485"}],"wp:term":[{"taxonomy":"product_brand","embeddable":true,"href":"https:\/\/elmasstar.com\/tr\/wp-json\/wp\/v2\/product_brand?post=1485"},{"taxonomy":"product_cat","embeddable":true,"href":"https:\/\/elmasstar.com\/tr\/wp-json\/wp\/v2\/product_cat?post=1485"},{"taxonomy":"product_tag","embeddable":true,"href":"https:\/\/elmasstar.com\/tr\/wp-json\/wp\/v2\/product_tag?post=1485"}],"curies":[{"name":"wp","href":"https:\/\/api.w.org\/{rel}","templated":true}]}}