{"id":1470,"date":"2024-02-28T10:40:01","date_gmt":"2024-02-28T10:40:01","guid":{"rendered":"https:\/\/elmasstar.com\/?post_type=product&#038;p=1470"},"modified":"2024-09-25T15:44:21","modified_gmt":"2024-09-25T14:44:21","slug":"multipix","status":"publish","type":"product","link":"https:\/\/elmasstar.com\/tr\/urun\/multipix\/","title":{"rendered":"multipix"},"content":{"rendered":"<p>multipix<\/p>\n<p>Kullan\u0131m amac\u0131<strong>:<\/strong><br \/>\nHayvanlar\u0131n ba\u011f\u0131\u015f\u0131kl\u0131k sistemini g\u00fc\u00e7lendirerek hastal\u0131klara kar\u015f\u0131 direncini artt\u0131r\u0131r.<\/p>\n<p>\u00dcreme performans\u0131n\u0131 art\u0131r\u0131r ve do\u011fru ve kolay e\u015fle\u015fmeyi sa\u011flar.<br \/>\nYem d\u00f6n\u00fc\u015f\u00fcm oran\u0131n\u0131 art\u0131r\u0131r ve yem de\u011fi\u015fikliklerine uyum sa\u011flama h\u0131z\u0131n\u0131 art\u0131r\u0131r.<\/p>\n<p>G\u00fcnl\u00fck s\u00fct verimini art\u0131r\u0131r ve s\u00fct kalitesini y\u00fckseltir.<\/p>\n<p>S\u00fcr\u00fcn\u00fcn do\u011furganl\u0131k oran\u0131n\u0131 art\u0131r\u0131r ve tedavi maliyetlerini d\u00fc\u015f\u00fcr\u00fcr.<\/p>\n<p>T\u0131rnak, t\u00fcy ve cilt bozukluklar\u0131n\u0131 \u00f6nler.<\/p>\n<p>Beyaz kas hastal\u0131\u011f\u0131n\u0131 \u00f6nler ve keratin dokusunu onar\u0131r.<\/p>\n<p>S\u0131\u011f\u0131r etinde karkas verimini art\u0131r\u0131r ve karkas kalitesini iyile\u015ftirir.<\/p>\n<p>S\u0131\u011f\u0131r ve koyunlarda vitamin ve mineral eksikliklerini gidermeye yard\u0131mc\u0131 olur.<\/p>\n<p>Toprak, y\u00fcn, ka\u011f\u0131t yeme ve duvar yalama gibi davran\u0131\u015f bozukluklar\u0131n\u0131 \u00f6nler.<\/p>\n<p>KULLANIM: S\u0131\u011f\u0131rlar i\u00e7in g\u00fcnl\u00fck 100 gram - Koyunlar i\u00e7in g\u00fcnl\u00fck 20 gram - Tona 5-10 kg yem \u00f6nerilir.<\/p>","protected":false},"excerpt":{"rendered":"<p>multipix PURPOSE OF USAGE: It increases the resistance of animals against disease by strengthening the immune system. Increases reproductive performance and ensures correct and easy matching. Increases the rate of feed conversion and accelerates the ability to adapt to feed changes. It provides an increase in daily milk yield and quality. It increases the fertility [&hellip;]<\/p>\n","protected":false},"featured_media":1440,"comment_status":"open","ping_status":"closed","template":"","meta":{"site-sidebar-layout":"default","site-content-layout":"","ast-site-content-layout":"default","site-content-style":"default","site-sidebar-style":"default","ast-global-header-display":"","ast-banner-title-visibility":"","ast-main-header-display":"","ast-hfb-above-header-display":"","ast-hfb-below-header-display":"","ast-hfb-mobile-header-display":"","site-post-title":"","ast-breadcrumbs-content":"","ast-featured-img":"","footer-sml-layout":"","ast-disable-related-posts":"","theme-transparent-header-meta":"default","adv-header-id-meta":"","stick-header-meta":"","header-above-stick-meta":"","header-main-stick-meta":"","header-below-stick-meta":"","astra-migrate-meta-layouts":"set","ast-page-background-enabled":"default","ast-page-background-meta":{"desktop":{"background-color":"var(--ast-global-color-4)","background-image":"","background-repeat":"repeat","background-position":"center center","background-size":"auto","background-attachment":"scroll","background-type":"","background-media":"","overlay-type":"","overlay-color":"","overlay-opacity":"","overlay-gradient":""},"tablet":{"background-color":"","background-image":"","background-repeat":"repeat","background-position":"center center","background-size":"auto","background-attachment":"scroll","background-type":"","background-media":"","overlay-type":"","overlay-color":"","overlay-opacity":"","overlay-gradient":""},"mobile":{"background-color":"","background-image":"","background-repeat":"repeat","background-position":"center center","background-size":"auto","background-attachment":"scroll","background-type":"","background-media":"","overlay-type":"","overlay-color":"","overlay-opacity":"","overlay-gradient":""}},"ast-content-background-meta":{"desktop":{"background-color":"var(--ast-global-color-5)","background-image":"","background-repeat":"repeat","background-position":"center center","background-size":"auto","background-attachment":"scroll","background-type":"","background-media":"","overlay-type":"","overlay-color":"","overlay-opacity":"","overlay-gradient":""},"tablet":{"background-color":"var(--ast-global-color-5)","background-image":"","background-repeat":"repeat","background-position":"center center","background-size":"auto","background-attachment":"scroll","background-type":"","background-media":"","overlay-type":"","overlay-color":"","overlay-opacity":"","overlay-gradient":""},"mobile":{"background-color":"var(--ast-global-color-5)","background-image":"","background-repeat":"repeat","background-position":"center center","background-size":"auto","background-attachment":"scroll","background-type":"","background-media":"","overlay-type":"","overlay-color":"","overlay-opacity":"","overlay-gradient":""}}},"product_brand":[],"product_cat":[28],"product_tag":[],"class_list":{"0":"post-1470","1":"product","2":"type-product","3":"status-publish","4":"has-post-thumbnail","6":"product_cat-premix-powder","7":"desktop-align-left","8":"tablet-align-left","9":"mobile-align-left","11":"first","12":"instock","13":"taxable","14":"shipping-taxable","15":"product-type-variable"},"yoast_head":"<!-- This site is optimized with the Yoast SEO plugin v27.4 - https:\/\/yoast.com\/product\/yoast-seo-wordpress\/ -->\n<title>multipix - Elmas Star<\/title>\n<meta name=\"description\" content=\"mutipix\" \/>\n<meta name=\"robots\" content=\"index, follow, max-snippet:-1, max-image-preview:large, max-video-preview:-1\" \/>\n<link rel=\"canonical\" href=\"https:\/\/elmasstar.com\/tr\/urun\/multipix\/\" \/>\n<meta property=\"og:locale\" content=\"tr_TR\" \/>\n<meta property=\"og:type\" content=\"article\" \/>\n<meta property=\"og:title\" content=\"multipix - Elmas Star\" \/>\n<meta property=\"og:description\" content=\"mutipix\" \/>\n<meta property=\"og:url\" content=\"https:\/\/elmasstar.com\/tr\/urun\/multipix\/\" \/>\n<meta property=\"og:site_name\" content=\"Elmas Star\" \/>\n<meta property=\"article:modified_time\" content=\"2024-09-25T14:44:21+00:00\" \/>\n<meta property=\"og:image\" content=\"http:\/\/elmasstar.com\/wp-content\/uploads\/2024\/02\/multipix-1kg.webp\" \/>\n\t<meta property=\"og:image:width\" content=\"2061\" \/>\n\t<meta property=\"og:image:height\" content=\"2062\" \/>\n\t<meta property=\"og:image:type\" content=\"image\/webp\" \/>\n<meta name=\"twitter:card\" content=\"summary_large_image\" \/>\n<meta name=\"twitter:label1\" content=\"Tahmini okuma s\u00fcresi\" \/>\n\t<meta name=\"twitter:data1\" content=\"1 dakika\" \/>\n<script type=\"application\/ld+json\" class=\"yoast-schema-graph\">{\"@context\":\"https:\\\/\\\/schema.org\",\"@graph\":[{\"@type\":\"WebPage\",\"@id\":\"https:\\\/\\\/elmasstar.com\\\/product\\\/multipix\\\/\",\"url\":\"https:\\\/\\\/elmasstar.com\\\/product\\\/multipix\\\/\",\"name\":\"multipix - Elmas Star\",\"isPartOf\":{\"@id\":\"https:\\\/\\\/elmasstar.com\\\/#website\"},\"primaryImageOfPage\":{\"@id\":\"https:\\\/\\\/elmasstar.com\\\/product\\\/multipix\\\/#primaryimage\"},\"image\":{\"@id\":\"https:\\\/\\\/elmasstar.com\\\/product\\\/multipix\\\/#primaryimage\"},\"thumbnailUrl\":\"https:\\\/\\\/elmasstar.com\\\/wp-content\\\/uploads\\\/2024\\\/02\\\/multipix-1kg.webp\",\"datePublished\":\"2024-02-28T10:40:01+00:00\",\"dateModified\":\"2024-09-25T14:44:21+00:00\",\"description\":\"mutipix\",\"breadcrumb\":{\"@id\":\"https:\\\/\\\/elmasstar.com\\\/product\\\/multipix\\\/#breadcrumb\"},\"inLanguage\":\"tr\",\"potentialAction\":[{\"@type\":\"ReadAction\",\"target\":[\"https:\\\/\\\/elmasstar.com\\\/product\\\/multipix\\\/\"]}]},{\"@type\":\"ImageObject\",\"inLanguage\":\"tr\",\"@id\":\"https:\\\/\\\/elmasstar.com\\\/product\\\/multipix\\\/#primaryimage\",\"url\":\"https:\\\/\\\/elmasstar.com\\\/wp-content\\\/uploads\\\/2024\\\/02\\\/multipix-1kg.webp\",\"contentUrl\":\"https:\\\/\\\/elmasstar.com\\\/wp-content\\\/uploads\\\/2024\\\/02\\\/multipix-1kg.webp\",\"width\":2061,\"height\":2062},{\"@type\":\"BreadcrumbList\",\"@id\":\"https:\\\/\\\/elmasstar.com\\\/product\\\/multipix\\\/#breadcrumb\",\"itemListElement\":[{\"@type\":\"ListItem\",\"position\":1,\"name\":\"Home\",\"item\":\"https:\\\/\\\/elmasstar.com\\\/\"},{\"@type\":\"ListItem\",\"position\":2,\"name\":\"Shop\",\"item\":\"https:\\\/\\\/elmasstar.com\\\/shop\\\/\"},{\"@type\":\"ListItem\",\"position\":3,\"name\":\"multipix\"}]},{\"@type\":\"WebSite\",\"@id\":\"https:\\\/\\\/elmasstar.com\\\/#website\",\"url\":\"https:\\\/\\\/elmasstar.com\\\/\",\"name\":\"elmasstar.com\",\"description\":\"\",\"publisher\":{\"@id\":\"https:\\\/\\\/elmasstar.com\\\/#organization\"},\"potentialAction\":[{\"@type\":\"SearchAction\",\"target\":{\"@type\":\"EntryPoint\",\"urlTemplate\":\"https:\\\/\\\/elmasstar.com\\\/?s={search_term_string}\"},\"query-input\":{\"@type\":\"PropertyValueSpecification\",\"valueRequired\":true,\"valueName\":\"search_term_string\"}}],\"inLanguage\":\"tr\"},{\"@type\":\"Organization\",\"@id\":\"https:\\\/\\\/elmasstar.com\\\/#organization\",\"name\":\"elmasstar.com\",\"url\":\"https:\\\/\\\/elmasstar.com\\\/\",\"logo\":{\"@type\":\"ImageObject\",\"inLanguage\":\"tr\",\"@id\":\"https:\\\/\\\/elmasstar.com\\\/#\\\/schema\\\/logo\\\/image\\\/\",\"url\":\"https:\\\/\\\/elmasstar.com\\\/wp-content\\\/uploads\\\/2024\\\/01\\\/logo-01.png\",\"contentUrl\":\"https:\\\/\\\/elmasstar.com\\\/wp-content\\\/uploads\\\/2024\\\/01\\\/logo-01.png\",\"width\":2084,\"height\":1336,\"caption\":\"elmasstar.com\"},\"image\":{\"@id\":\"https:\\\/\\\/elmasstar.com\\\/#\\\/schema\\\/logo\\\/image\\\/\"}}]}<\/script>\n<!-- \/ Yoast SEO plugin. -->","yoast_head_json":{"title":"multipix - Elmas Star","description":"mutipix","robots":{"index":"index","follow":"follow","max-snippet":"max-snippet:-1","max-image-preview":"max-image-preview:large","max-video-preview":"max-video-preview:-1"},"canonical":"https:\/\/elmasstar.com\/tr\/urun\/multipix\/","og_locale":"tr_TR","og_type":"article","og_title":"multipix - Elmas Star","og_description":"mutipix","og_url":"https:\/\/elmasstar.com\/tr\/urun\/multipix\/","og_site_name":"Elmas Star","article_modified_time":"2024-09-25T14:44:21+00:00","og_image":[{"width":2061,"height":2062,"url":"http:\/\/elmasstar.com\/wp-content\/uploads\/2024\/02\/multipix-1kg.webp","type":"image\/webp"}],"twitter_card":"summary_large_image","twitter_misc":{"Tahmini okuma s\u00fcresi":"1 dakika"},"schema":{"@context":"https:\/\/schema.org","@graph":[{"@type":"WebPage","@id":"https:\/\/elmasstar.com\/product\/multipix\/","url":"https:\/\/elmasstar.com\/product\/multipix\/","name":"multipix - Elmas Star","isPartOf":{"@id":"https:\/\/elmasstar.com\/#website"},"primaryImageOfPage":{"@id":"https:\/\/elmasstar.com\/product\/multipix\/#primaryimage"},"image":{"@id":"https:\/\/elmasstar.com\/product\/multipix\/#primaryimage"},"thumbnailUrl":"https:\/\/elmasstar.com\/wp-content\/uploads\/2024\/02\/multipix-1kg.webp","datePublished":"2024-02-28T10:40:01+00:00","dateModified":"2024-09-25T14:44:21+00:00","description":"mutipix","breadcrumb":{"@id":"https:\/\/elmasstar.com\/product\/multipix\/#breadcrumb"},"inLanguage":"tr","potentialAction":[{"@type":"ReadAction","target":["https:\/\/elmasstar.com\/product\/multipix\/"]}]},{"@type":"ImageObject","inLanguage":"tr","@id":"https:\/\/elmasstar.com\/product\/multipix\/#primaryimage","url":"https:\/\/elmasstar.com\/wp-content\/uploads\/2024\/02\/multipix-1kg.webp","contentUrl":"https:\/\/elmasstar.com\/wp-content\/uploads\/2024\/02\/multipix-1kg.webp","width":2061,"height":2062},{"@type":"BreadcrumbList","@id":"https:\/\/elmasstar.com\/product\/multipix\/#breadcrumb","itemListElement":[{"@type":"ListItem","position":1,"name":"Home","item":"https:\/\/elmasstar.com\/"},{"@type":"ListItem","position":2,"name":"Shop","item":"https:\/\/elmasstar.com\/shop\/"},{"@type":"ListItem","position":3,"name":"multipix"}]},{"@type":"WebSite","@id":"https:\/\/elmasstar.com\/#website","url":"https:\/\/elmasstar.com\/","name":"elmasstar.com","description":"","publisher":{"@id":"https:\/\/elmasstar.com\/#organization"},"potentialAction":[{"@type":"SearchAction","target":{"@type":"EntryPoint","urlTemplate":"https:\/\/elmasstar.com\/?s={search_term_string}"},"query-input":{"@type":"PropertyValueSpecification","valueRequired":true,"valueName":"search_term_string"}}],"inLanguage":"tr"},{"@type":"Organization","@id":"https:\/\/elmasstar.com\/#organization","name":"elmasstar.com","url":"https:\/\/elmasstar.com\/","logo":{"@type":"ImageObject","inLanguage":"tr","@id":"https:\/\/elmasstar.com\/#\/schema\/logo\/image\/","url":"https:\/\/elmasstar.com\/wp-content\/uploads\/2024\/01\/logo-01.png","contentUrl":"https:\/\/elmasstar.com\/wp-content\/uploads\/2024\/01\/logo-01.png","width":2084,"height":1336,"caption":"elmasstar.com"},"image":{"@id":"https:\/\/elmasstar.com\/#\/schema\/logo\/image\/"}}]}},"_links":{"self":[{"href":"https:\/\/elmasstar.com\/tr\/wp-json\/wp\/v2\/product\/1470","targetHints":{"allow":["GET"]}}],"collection":[{"href":"https:\/\/elmasstar.com\/tr\/wp-json\/wp\/v2\/product"}],"about":[{"href":"https:\/\/elmasstar.com\/tr\/wp-json\/wp\/v2\/types\/product"}],"replies":[{"embeddable":true,"href":"https:\/\/elmasstar.com\/tr\/wp-json\/wp\/v2\/comments?post=1470"}],"wp:featuredmedia":[{"embeddable":true,"href":"https:\/\/elmasstar.com\/tr\/wp-json\/wp\/v2\/media\/1440"}],"wp:attachment":[{"href":"https:\/\/elmasstar.com\/tr\/wp-json\/wp\/v2\/media?parent=1470"}],"wp:term":[{"taxonomy":"product_brand","embeddable":true,"href":"https:\/\/elmasstar.com\/tr\/wp-json\/wp\/v2\/product_brand?post=1470"},{"taxonomy":"product_cat","embeddable":true,"href":"https:\/\/elmasstar.com\/tr\/wp-json\/wp\/v2\/product_cat?post=1470"},{"taxonomy":"product_tag","embeddable":true,"href":"https:\/\/elmasstar.com\/tr\/wp-json\/wp\/v2\/product_tag?post=1470"}],"curies":[{"name":"wp","href":"https:\/\/api.w.org\/{rel}","templated":true}]}}